{"id":71,"date":"2020-10-20T02:17:35","date_gmt":"2020-10-20T02:17:35","guid":{"rendered":"https:\/\/beta.cbbiotec.vn\/?page_id=71"},"modified":"2025-11-24T14:35:36","modified_gmt":"2025-11-24T07:35:36","slug":"contact-us","status":"publish","type":"page","link":"https:\/\/cbbiotec.vn\/en\/contact-us\/","title":{"rendered":"Contact Us"},"content":{"rendered":"<p>Ph\u1ee5 tr\u00e1ch b\u1ed9 ph\u1eadn d\u1ecbch v\u1ee5 v\u00e0 \u0111\u00e0o t\u1ea1o:<\/p>\n\n\n\n<p>Mcs. Nam Vo<\/p>\n\n\n\n<p>Mobile\/Zalo: 0918 090 838<\/p>\n\n\n\n<div class=\"wp-block-columns has-background is-layout-flex wp-container-core-columns-is-layout-9d6595d7 wp-block-columns-is-layout-flex\" style=\"background-color:#f6f6f6\">\n<div class=\"wp-block-column is-layout-flow wp-block-column-is-layout-flow\">\n\n\n\n\n\n<\/div>\n\n\n\n<div class=\"wp-block-column is-layout-flow wp-block-column-is-layout-flow\">\n<iframe src=\"https:\/\/www.google.com\/maps\/embed?pb=!1m14!1m8!1m3!1d15678.523092775275!2d106.6821717!3d10.762913!3m2!1i1024!2i768!4f13.1!3m3!1m2!1s0x0%3A0x43900f1d4539a3d!2zVHLGsOG7nW5nIMSQ4bqhaSBo4buNYyBLaG9hIGjhu41jIFThu7Egbmhpw6puIC0gxJDhuqFpIGjhu41jIFF14buRYyBHaWEgVFAuSENN!5e0!3m2!1svi!2s!4v1603164431458!5m2!1svi!2s\" width=\"300\" height=\"250\" frameborder=\"0\" style=\"border:0;\" allowfullscreen=\"\" aria-hidden=\"false\" tabindex=\"0\"><\/iframe>\n\n\n\n<p><a href=\"https:\/\/www.google.com\/maps?ie=UTF8&amp;t=m&amp;source=embed&amp;ll=10.762559,106.681044&amp;spn=0.006482,0.009645&amp;z=17&amp;iwloc=lyrftr:m,304275488473586237,10.762717,106.68231\">Local map &#8211; Click here for bigger size<\/a><\/p>\n<\/div>\n<\/div>\n\n\n\n<div class=\"wp-block-columns is-layout-flex wp-container-core-columns-is-layout-9d6595d7 wp-block-columns-is-layout-flex\">\n<div class=\"wp-block-column is-layout-flow wp-block-column-is-layout-flow\"><\/div>\n<\/div>\n\n\n\n<p><\/p>","protected":false},"excerpt":{"rendered":"<p>Ph\u1ee5 tr\u00e1ch b\u1ed9 ph\u1eadn d\u1ecbch v\u1ee5 v\u00e0 \u0111\u00e0o t\u1ea1o: Th\u1ea1c s\u0129 V\u00f5 Tr\u00ed Nam S\u0110T\/Zalo: 0918 090 838 Local map &#8211; Click here for bigger size<\/p>","protected":false},"author":7,"featured_media":904,"parent":0,"menu_order":0,"comment_status":"closed","ping_status":"closed","template":"page-templates\/fullwidth.php","meta":{"footnotes":""},"class_list":["post-71","page","type-page","status-publish","has-post-thumbnail","hentry"],"_links":{"self":[{"href":"https:\/\/cbbiotec.vn\/en\/wp-json\/wp\/v2\/pages\/71","targetHints":{"allow":["GET"]}}],"collection":[{"href":"https:\/\/cbbiotec.vn\/en\/wp-json\/wp\/v2\/pages"}],"about":[{"href":"https:\/\/cbbiotec.vn\/en\/wp-json\/wp\/v2\/types\/page"}],"author":[{"embeddable":true,"href":"https:\/\/cbbiotec.vn\/en\/wp-json\/wp\/v2\/users\/7"}],"replies":[{"embeddable":true,"href":"https:\/\/cbbiotec.vn\/en\/wp-json\/wp\/v2\/comments?post=71"}],"version-history":[{"count":16,"href":"https:\/\/cbbiotec.vn\/en\/wp-json\/wp\/v2\/pages\/71\/revisions"}],"predecessor-version":[{"id":2342,"href":"https:\/\/cbbiotec.vn\/en\/wp-json\/wp\/v2\/pages\/71\/revisions\/2342"}],"wp:featuredmedia":[{"embeddable":true,"href":"https:\/\/cbbiotec.vn\/en\/wp-json\/wp\/v2\/media\/904"}],"wp:attachment":[{"href":"https:\/\/cbbiotec.vn\/en\/wp-json\/wp\/v2\/media?parent=71"}],"curies":[{"name":"wp","href":"https:\/\/api.w.org\/{rel}","templated":true}]}}