{"id":34,"date":"2020-10-20T01:59:33","date_gmt":"2020-10-20T01:59:33","guid":{"rendered":"https:\/\/beta.cbbiotec.vn\/?page_id=34"},"modified":"2025-06-30T21:53:16","modified_gmt":"2025-06-30T14:53:16","slug":"recruitment","status":"publish","type":"page","link":"https:\/\/cbbiotec.vn\/en\/recruitment\/","title":{"rendered":"Recruitment"},"content":{"rendered":"<p>Trung t\u00e2m Khoa h\u1ecdc v\u00e0 C\u00f4ng ngh\u1ec7 Sinh h\u1ecdc (CBB) tr\u1ef1c thu\u1ed9c tr\u01b0\u1eddng \u0110\u1ea1i h\u1ecdc Khoa h\u1ecdc T\u1ef1 nhi\u00ean &#8211; \u0110HQG TP.HCM th\u00f4ng b\u00e1o tuy\u1ec3n Sinh vi\u00ean &#8211; H\u1ecdc vi\u00ean Cao h\u1ecdc l\u00e0m \u0111\u1ec1 t\u00e0i t\u1ed1t nghi\u1ec7p theo c\u00e1c h\u01b0\u1edbng nghi\u00ean c\u1ee9u.<\/p>\n<p>&#x1f471;\u0110\u1ed1i t\u01b0\u1ee3ng: Sinh vi\u00ean, H\u1ecdc vi\u00ean Sau \u0111\u1ea1i h\u1ecdc thu\u1ed9c Khoa Sinh h\u1ecdc &#8211; C\u00f4ng ngh\u1ec7 Sinh h\u1ecdc c\u00f3 \u0111am m\u00ea nghi\u00ean c\u1ee9u v\u00e0 mong mu\u1ed1n n\u00e2ng cao ki\u1ebfn th\u1ee9c chuy\u00ean m\u00f4n.<br>&#x23f0;Th\u1eddi gian tuy\u1ec3n sinh: <\/p>\n<ul>\n<li>\u0110\u1ed1i v\u1edbi sinh vi\u00ean: th\u00e1ng 2 v\u00e0 th\u00e1ng 9 (s\u1ebd c\u00f3 th\u00f4ng b\u00e1o c\u1ee5 th\u1ec3 trong ph\u1ea7n Tin t\u1ee9c &#8211; News)<\/li>\n<li>\u0110\u1ed1i v\u1edbi h\u1ecdc vi\u00ean Sau \u0111\u1ea1i h\u1ecdc: T\u1ea5t c\u1ea3 th\u1eddi \u0111i\u1ec3m trong n\u0103m, n\u1ed9p \u0111\u01a1n theo link: <a rel=\"noreferrer noopener\" href=\"https:\/\/docs.google.com\/forms\/d\/e\/1FAIpQLSdp5vbIxlXTZNjLPeEHFQs3wVk9sHcMqgdyHCR6jqma4KWRcg\/viewform\" target=\"_blank\">Form tuy\u1ec3n HVCH\/NCS Trung t\u00e2m CBB <\/a><\/li>\n<\/ul>\n\n\n\n<p><\/p>","protected":false},"excerpt":{"rendered":"<p>Trung t\u00e2m Khoa h\u1ecdc v\u00e0 C\u00f4ng ngh\u1ec7 Sinh h\u1ecdc (CBB) tr\u1ef1c thu\u1ed9c tr\u01b0\u1eddng \u0110\u1ea1i h\u1ecdc Khoa h\u1ecdc T\u1ef1 nhi\u00ean &#8211; \u0110HQG TP.HCM th\u00f4ng b\u00e1o tuy\u1ec3n Sinh vi\u00ean &#8211; H\u1ecdc vi\u00ean Cao h\u1ecdc l\u00e0m \u0111\u1ec1 t\u00e0i [&hellip;]<\/p>","protected":false},"author":7,"featured_media":596,"parent":0,"menu_order":0,"comment_status":"closed","ping_status":"closed","template":"","meta":{"footnotes":""},"class_list":["post-34","page","type-page","status-publish","has-post-thumbnail","hentry"],"_links":{"self":[{"href":"https:\/\/cbbiotec.vn\/en\/wp-json\/wp\/v2\/pages\/34","targetHints":{"allow":["GET"]}}],"collection":[{"href":"https:\/\/cbbiotec.vn\/en\/wp-json\/wp\/v2\/pages"}],"about":[{"href":"https:\/\/cbbiotec.vn\/en\/wp-json\/wp\/v2\/types\/page"}],"author":[{"embeddable":true,"href":"https:\/\/cbbiotec.vn\/en\/wp-json\/wp\/v2\/users\/7"}],"replies":[{"embeddable":true,"href":"https:\/\/cbbiotec.vn\/en\/wp-json\/wp\/v2\/comments?post=34"}],"version-history":[{"count":18,"href":"https:\/\/cbbiotec.vn\/en\/wp-json\/wp\/v2\/pages\/34\/revisions"}],"predecessor-version":[{"id":2178,"href":"https:\/\/cbbiotec.vn\/en\/wp-json\/wp\/v2\/pages\/34\/revisions\/2178"}],"wp:featuredmedia":[{"embeddable":true,"href":"https:\/\/cbbiotec.vn\/en\/wp-json\/wp\/v2\/media\/596"}],"wp:attachment":[{"href":"https:\/\/cbbiotec.vn\/en\/wp-json\/wp\/v2\/media?parent=34"}],"curies":[{"name":"wp","href":"https:\/\/api.w.org\/{rel}","templated":true}]}}