{"id":2286,"date":"2025-06-05T11:44:35","date_gmt":"2025-06-05T04:44:35","guid":{"rendered":"https:\/\/cbbiotec.vn\/?page_id=2286"},"modified":"2025-06-30T21:53:16","modified_gmt":"2025-06-30T14:53:16","slug":"bioinformatics","status":"publish","type":"page","link":"https:\/\/cbbiotec.vn\/en\/research\/bioinformatics\/","title":{"rendered":"Bioinformatics Research Group"},"content":{"rendered":"<h4 class=\"wp-block-heading\">Introduction<\/h4>\n\n\n\n<p>The Bioinformatics Research Group is affiliated with the Center for Bioscience and Biotechnology, and was established in October 2012. The group is a collaboration among lecturers and researchers from the Faculty of Information Technology, the Faculty of Mathematics and Computer Science, the Faculty of Biology and Biotechnology, and the Molecular Biotechnology Laboratory.<\/p>\n\n\n\n<p>Each year, the group selects 3 to 5 undergraduate students from the three aforementioned faculties to conduct their graduation theses in the field of bioinformatics. In addition, 1 to 2 master's students are accepted annually to carry out their thesis research.<\/p>\n\n\n\n<h4 class=\"wp-block-heading\">Goals and Orientation<\/h4>\n\n\n\n<ul class=\"wp-block-list\">\n<li>Expand opportunities for collaboration, training, and advanced research at international laboratories<\/li>\n<\/ul>\n\n\n\n<ul class=\"wp-block-list\">\n<li>Leverage the strengths of the University of Science in Information Technology, Mathematics, and Biology to build and promote the still-nascent field of Bioinformatics in Vietnam<\/li>\n<\/ul>\n\n\n\n<ul class=\"wp-block-list\">\n<li>Utilize the vast wealth of experimental data available worldwide for scientific research<\/li>\n<\/ul>\n\n\n\n<ul class=\"wp-block-list\">\n<li>Support and guide experimental design through computational tools to reduce time and cost<\/li>\n<\/ul>\n\n\n\n<h4 class=\"wp-block-heading\">General Research Focus<\/h4>\n\n\n\n<p>The group focuses on gene and protein expression analysis through sequence-based approaches. Key areas of study include codon usage, GC content, repeat regions, open reading frames (ORFs), and RNA secondary structures, with the aim of supporting protein expression research.<\/p>\n\n\n\n<p>In addition, the group conducts biological data mining, particularly on DNA and mRNA sequences such as promoters, untranslated regions (UTRs), and coding regions, as well as on next-generation sequencing (NGS) data.<\/p>\n\n\n\n<p>By leveraging the interdisciplinary strengths of its members from various scientific backgrounds, the group's research has been steadily developing and has achieved promising initial results. The synergy among the Faculties of Mathematics and Computer Science, Information Technology, and Biology \u2013 Biotechnology gives the group an advantage in implementing specialized research topics and projects.<\/p>\n\n\n\n<p>The group is committed to promoting the development of bioinformatics in Vietnam and enhancing its applications in biological and life sciences research.<\/p>\n\n\n\n<h4 class=\"wp-block-heading\">Specific Research Directions<\/h4>\n\n\n\n<p><strong>Genomics<\/strong><\/p>\n\n\n\n<ul class=\"wp-block-list\">\n<li>Ph\u00e2n t\u00edch d\u1eef li\u1ec7u gi\u1ea3i tr\u00ecnh t\u1ef1 gene th\u1ebf h\u1ec7 m\u1edbi (NGS \u2013 <em>Next Generation Sequencing<\/em>Analyzing next-generation sequencing (NGS) data from biological or environmental samples<\/li>\n<\/ul>\n\n\n\n<ul class=\"wp-block-list\">\n<li>Investigating genomic features such as antibiotic resistance genes, virulence genes, unique and core genes across organism groups<\/li>\n<\/ul>\n\n\n\n<ul class=\"wp-block-list\">\n<li>Exploring gene resources from natural strains for research and applications<\/li>\n<\/ul>\n\n\n\n<ul class=\"wp-block-list\">\n<li>Building gene and protein databases to support molecular biology and biotechnology research<\/li>\n<\/ul>\n\n\n\n<ul class=\"wp-block-list\">\n<li>Developing gene sequence optimization programs for heterologous expression systems<\/li>\n<\/ul>\n\n\n\n<ul class=\"wp-block-list\">\n<li>Designing and developing bioinformatics tools tailored to specific experimental needs<\/li>\n<\/ul>\n\n\n\n<h4 class=\"wp-block-heading\"><strong>Proteomics<\/strong><\/h4>\n\n\n\n<ul class=\"wp-block-list\">\n<li>Predicting protein structures to create datasets for functional and applied research<\/li>\n<\/ul>\n\n\n\n<ul class=\"wp-block-list\">\n<li>Analyzing structural properties of proteins, including stability, secretion potential, toxicity, and immunogenicity, to support vaccine development and bioproduct research<\/li>\n<\/ul>\n\n\n\n<ul class=\"wp-block-list\">\n<li>Investigating protein interactions with receptors or small molecules to screen for biologically active compounds, contributing to drug design and biotechnological product development<\/li>\n<\/ul>","protected":false},"excerpt":{"rendered":"<p>Gi\u1edbi thi\u1ec7u Nh\u00f3m nghi\u00ean c\u1ee9u Tin sinh h\u1ecdc tr\u1ef1c thu\u1ed9c Trung t\u00e2m Khoa h\u1ecdc Sinh h\u1ecdc v\u00e0 C\u00f4ng ngh\u1ec7 Sinh h\u1ecdc, \u0111\u01b0\u1ee3c th\u00e0nh l\u1eadp t\u1eeb th\u00e1ng 10 n\u0103m 2012. Nh\u00f3m l\u00e0 s\u1ef1 li\u00ean k\u1ebft gi\u1eefa [&hellip;]<\/p>","protected":false},"author":7,"featured_media":0,"parent":1371,"menu_order":0,"comment_status":"closed","ping_status":"closed","template":"","meta":{"footnotes":""},"class_list":["post-2286","page","type-page","status-publish","hentry"],"_links":{"self":[{"href":"https:\/\/cbbiotec.vn\/en\/wp-json\/wp\/v2\/pages\/2286","targetHints":{"allow":["GET"]}}],"collection":[{"href":"https:\/\/cbbiotec.vn\/en\/wp-json\/wp\/v2\/pages"}],"about":[{"href":"https:\/\/cbbiotec.vn\/en\/wp-json\/wp\/v2\/types\/page"}],"author":[{"embeddable":true,"href":"https:\/\/cbbiotec.vn\/en\/wp-json\/wp\/v2\/users\/7"}],"replies":[{"embeddable":true,"href":"https:\/\/cbbiotec.vn\/en\/wp-json\/wp\/v2\/comments?post=2286"}],"version-history":[{"count":7,"href":"https:\/\/cbbiotec.vn\/en\/wp-json\/wp\/v2\/pages\/2286\/revisions"}],"predecessor-version":[{"id":2301,"href":"https:\/\/cbbiotec.vn\/en\/wp-json\/wp\/v2\/pages\/2286\/revisions\/2301"}],"up":[{"embeddable":true,"href":"https:\/\/cbbiotec.vn\/en\/wp-json\/wp\/v2\/pages\/1371"}],"wp:attachment":[{"href":"https:\/\/cbbiotec.vn\/en\/wp-json\/wp\/v2\/media?parent=2286"}],"curies":[{"name":"wp","href":"https:\/\/api.w.org\/{rel}","templated":true}]}}