{"id":2123,"date":"2025-03-26T09:13:51","date_gmt":"2025-03-26T02:13:51","guid":{"rendered":"https:\/\/cbbiotec.vn\/?page_id=2123"},"modified":"2025-06-30T21:53:16","modified_gmt":"2025-06-30T14:53:16","slug":"home","status":"publish","type":"page","link":"https:\/\/cbbiotec.vn\/en\/","title":{"rendered":"Home"},"content":{"rendered":"<div class=\"cbb-container\">\n\n  <!-- Banner ch\u00ednh -->\n  <div style=\"text-align:center; margin-bottom:30px;\">\n    <img decoding=\"async\" src=\"https:\/\/cbbiotec.vn\/wp-content\/uploads\/2022\/03\/research-banner.jpg\" alt=\"Banner CBB\" style=\"max-width:100%; height:auto;\">\n  <\/div>\n\n  <!-- Gi\u1edbi thi\u1ec7u -->\n  <h2 style=\"text-align:center;\">Center for Bioscience and Biotechnology (CBB)<\/h2>\n  <p style=\"text-align:center; max-width:800px; margin:auto;\">\n    CBB is a research and application unit in biology and biotechnology. We focus on training, researching, and developing advanced biological analysis services.\n  <\/p>\n\n  <!-- C\u00e1c li\u00ean k\u1ebft nhanh -->\n  <div style=\"display:flex; flex-wrap:wrap; justify-content:center; gap:20px; margin: 40px 0;\">\n    <a href=\"\/en\/projects_publications\/\" style=\"padding:20px; background:#003366; color:white; text-decoration:none; border-radius:8px;\">Projects &amp; Publications<\/a>\n    <a href=\"\/en\/recruitment\/\" style=\"padding:20px; background:#003366; color:white; text-decoration:none; border-radius:8px;\">Recruitment<\/a>\n    <a href=\"\/en\/services_products\/\" style=\"padding:20px; background:#003366; color:white; text-decoration:none; border-radius:8px;\">SERVICES &amp; PRODUCTS<\/a>\n    <a href=\"\/en\/research-bioinformatics\/\" style=\"padding:20px; background:#003366; color:white; text-decoration:none; border-radius:8px;\">Bioinformatics<\/a>\n  <\/div>\n\n<\/div>\n\n\n<ul class=\"wp-block-latest-posts__list has-dates wp-block-latest-posts\"><li><a class=\"wp-block-latest-posts__post-title\" href=\"https:\/\/cbbiotec.vn\/en\/chieu-sinh-khoa-dao-tao-phan-tich-du-lieu-giai-trinh-tu-gen-the-he-moi-va-ung-dung-lam-sang-khoa-6\/\">CHI\u00caU SINH KH\u00d3A \u0110\u00c0O T\u1ea0O: PH\u00c2N T\u00cdCH D\u1eee LI\u1ec6U GI\u1ea2I TR\u00ccNH T\u1ef0 GEN TH\u1ebe H\u1ec6 M\u1edaI V\u00c0 \u1ee8NG D\u1ee4NG L\u00c2M S\u00c0NG &#8211; KH\u00d3A 6<\/a><time datetime=\"2026-02-03T11:58:46+07:00\" class=\"wp-block-latest-posts__post-date\">February 3, 2026<\/time><div class=\"wp-block-latest-posts__post-excerpt\">K\u1ef9 thu\u1eadt gi\u1ea3i tr\u00ecnh t\u1ef1 th\u1ebf h\u1ec7 m\u1edbi (NGS) hi\u1ec7n nay \u0111\u00e3 tr\u1edf th\u00e0nh c\u00f4ng c\u1ee5 thi\u1ebft y\u1ebfu trong nghi\u00ean c\u1ee9u, ch\u1ea9n \u0111o\u00e1n l\u00e2m s\u00e0ng v\u00e0 gi\u00e1m s\u00e1t c\u00e1c t\u00e1c nh\u00e2n vi sinh v\u1eadt. Nh\u1eb1m cung c\u1ea5p c\u00e1c ki\u1ebfn th\u1ee9c n\u1ec1n t\u1ea3ng v\u00e0 k\u1ef9 n\u0103ng th\u1ef1c h\u00e0nh ph\u00e2n t\u00edch d\u1eef li\u1ec7u NGS cho c\u1ed9ng \u0111\u1ed3ng\u2026 <a class=\"wp-block-latest-posts__read-more\" href=\"https:\/\/cbbiotec.vn\/en\/chieu-sinh-khoa-dao-tao-phan-tich-du-lieu-giai-trinh-tu-gen-the-he-moi-va-ung-dung-lam-sang-khoa-6\/\" rel=\"noopener noreferrer\">Read more<span class=\"screen-reader-text\">: CHI\u00caU SINH KH\u00d3A \u0110\u00c0O T\u1ea0O: PH\u00c2N T\u00cdCH D\u1eee LI\u1ec6U GI\u1ea2I TR\u00ccNH T\u1ef0 GEN TH\u1ebe H\u1ec6 M\u1edaI V\u00c0 \u1ee8NG D\u1ee4NG L\u00c2M S\u00c0NG &#8211; KH\u00d3A 6<\/span><\/a><\/div><\/li>\n<li><a class=\"wp-block-latest-posts__post-title\" href=\"https:\/\/cbbiotec.vn\/en\/nhin-lai-hanh-trinh-microbiology-nova-winter-2025-san-sang-cho-nhung-dot-pha-tiep-theo\/\">NH\u00ccN L\u1ea0I H\u00c0NH TR\u00ccNH MICROBIOLOGY NOVA WINTER 2025 \u2013 S\u1eb4N S\u00c0NG CHO NH\u1eeeNG \u0110\u1ed8T PH\u00c1 TI\u1ebeP THEO!<\/a><time datetime=\"2025-12-30T14:26:50+07:00\" class=\"wp-block-latest-posts__post-date\">December 30, 2025<\/time><div class=\"wp-block-latest-posts__post-excerpt\">B\u1ea1n c\u00f3 bi\u1ebft, \u0111\u1eb1ng sau nh\u1eefng \u1ed1ng nghi\u1ec7m v\u00e0 k\u00ednh hi\u1ec3n vi l\u00e0 m\u1ed9t &#8220;v\u0169 tr\u1ee5&#8221; vi sinh v\u1eadt \u0111\u1ea7y quy\u1ec1n n\u0103ng? N\u0103m 2025 v\u1eeba qua, Microbiology Nova Winter 2025 \u0111\u00e3 ch\u00ednh th\u1ee9c ra m\u1eaft v\u00e0 t\u1ea1o n\u00ean m\u1ed9t l\u00e0n s\u00f3ng h\u1ecdc thu\u1eadt m\u1ea1nh m\u1ebd trong c\u1ed9ng \u0111\u1ed3ng y\u00eau sinh h\u1ecdc t\u1ea1i TP. H\u1ed3 Ch\u00ed\u2026 <a class=\"wp-block-latest-posts__read-more\" href=\"https:\/\/cbbiotec.vn\/en\/nhin-lai-hanh-trinh-microbiology-nova-winter-2025-san-sang-cho-nhung-dot-pha-tiep-theo\/\" rel=\"noopener noreferrer\">Read more<span class=\"screen-reader-text\">: NH\u00ccN L\u1ea0I H\u00c0NH TR\u00ccNH MICROBIOLOGY NOVA WINTER 2025 \u2013 S\u1eb4N S\u00c0NG CHO NH\u1eeeNG \u0110\u1ed8T PH\u00c1 TI\u1ebeP THEO!<\/span><\/a><\/div><\/li>\n<li><a class=\"wp-block-latest-posts__post-title\" href=\"https:\/\/cbbiotec.vn\/en\/khoa-hoc-chuyen-sau-phan-tich-du-lieu-microbiome-16s-rrna-giai-trinh-tu-gen-the-he-moi-ngs-dang-ky-ngay\/\">KH\u00d3A H\u1eccC CHUY\u00caN S\u00c2U PH\u00c2N T\u00cdCH D\u1eee LI\u1ec6U MICROBIOME 16S rRNA &amp; GI\u1ea2I TR\u00ccNH T\u1ef0 GEN TH\u1ebe H\u1ec6 M\u1edaI (NGS) \u2013 \u0110\u0102NG K\u00dd NGAY!<\/a><time datetime=\"2025-05-20T14:07:26+07:00\" class=\"wp-block-latest-posts__post-date\">May 20, 2025<\/time><div class=\"wp-block-latest-posts__post-excerpt\">B\u1ea1n \u0111ang mu\u1ed1n t\u1ef1 ti\u1ebfn h\u00e0nh ph\u00e2n t\u00edch d\u1eef li\u1ec7u gi\u1ea3i tr\u00ecnh t\u1ef1 gen th\u1ebf h\u1ec7 m\u1edbi (NGS) trong nghi\u00ean c\u1ee9u \/ l\u00e2m s\u00e0ng? Hay mu\u1ed1n n\u00e2ng cao k\u1ef9 n\u0103ng ph\u00e2n t\u00edch d\u1eef li\u1ec7u Microbiome 16S rRNA \u2013 c\u00f4ng c\u1ee5 kh\u00f4ng th\u1ec3 thi\u1ebfu trong nghi\u00ean c\u1ee9u h\u1ec7 vi sinh? Trung t\u00e2m Khoa h\u1ecdc v\u00e0 C\u00f4ng\u2026 <a class=\"wp-block-latest-posts__read-more\" href=\"https:\/\/cbbiotec.vn\/en\/khoa-hoc-chuyen-sau-phan-tich-du-lieu-microbiome-16s-rrna-giai-trinh-tu-gen-the-he-moi-ngs-dang-ky-ngay\/\" rel=\"noopener noreferrer\">Read more<span class=\"screen-reader-text\">: KH\u00d3A H\u1eccC CHUY\u00caN S\u00c2U PH\u00c2N T\u00cdCH D\u1eee LI\u1ec6U MICROBIOME 16S rRNA &amp; GI\u1ea2I TR\u00ccNH T\u1ef0 GEN TH\u1ebe H\u1ec6 M\u1edaI (NGS) \u2013 \u0110\u0102NG K\u00dd NGAY!<\/span><\/a><\/div><\/li>\n<li><a class=\"wp-block-latest-posts__post-title\" href=\"https:\/\/cbbiotec.vn\/en\/tuyen-sv-thuc-hien-de-tai-khoa-luan-tot-nghiep-dot-thang-11-2024\/\">Tuy\u1ec3n SV th\u1ef1c hi\u1ec7n \u0110\u1ec1 t\u00e0i kh\u00f3a lu\u1eadn t\u1ed1t nghi\u1ec7p \u0111\u1ee3t th\u00e1ng 11 \/ 2024<\/a><time datetime=\"2024-11-10T15:30:00+07:00\" class=\"wp-block-latest-posts__post-date\">November 10, 2024<\/time><div class=\"wp-block-latest-posts__post-excerpt\">Hi\u1ec7n t\u1ea1i, (1) Trung t\u00e2m Khoa h\u1ecdc v\u00e0 C\u00f4ng ngh\u1ec7 sinh h\u1ecdc, Tr\u01b0\u1eddng \u0110\u1ea1i h\u1ecdc Khoa h\u1ecdc T\u1ef1 nhi\u00ean, \u0110HQG TP.HCM v\u00e0 (2) C\u00f4ng ty N\u1ea5m L\u00e0ng Sen tuy\u1ec3n sinh vi\u00ean l\u00e0m kh\u00f3a lu\u1eadn t\u1ed1t nghi\u1ec7p v\u00e0 th\u1ef1c t\u1eadp t\u1ed1t nghi\u1ec7m theo c\u00e1c th\u00f4ng tin sau: TRUNG T\u00c2M KHOA H\u1eccC V\u00c0 C\u00d4NG NGH\u1ec6 SINH H\u1eccC,\u2026 <a class=\"wp-block-latest-posts__read-more\" href=\"https:\/\/cbbiotec.vn\/en\/tuyen-sv-thuc-hien-de-tai-khoa-luan-tot-nghiep-dot-thang-11-2024\/\" rel=\"noopener noreferrer\">Read more<span class=\"screen-reader-text\">: Tuy\u1ec3n SV th\u1ef1c hi\u1ec7n \u0110\u1ec1 t\u00e0i kh\u00f3a lu\u1eadn t\u1ed1t nghi\u1ec7p \u0111\u1ee3t th\u00e1ng 11 \/ 2024<\/span><\/a><\/div><\/li>\n<li><a class=\"wp-block-latest-posts__post-title\" href=\"https:\/\/cbbiotec.vn\/en\/tuyen-sv-thuc-hien-de-tai-khoa-luan-tot-nghiep-dot-thang-09-2024\/\">Tuy\u1ec3n SV th\u1ef1c hi\u1ec7n \u0110\u1ec1 t\u00e0i kh\u00f3a lu\u1eadn t\u1ed1t nghi\u1ec7p \u0111\u1ee3t th\u00e1ng 09 \/ 2024<\/a><time datetime=\"2024-09-20T10:20:19+07:00\" class=\"wp-block-latest-posts__post-date\">September 20, 2024<\/time><div class=\"wp-block-latest-posts__post-excerpt\">Hi\u1ec7n t\u1ea1i, (1) Trung t\u00e2m Khoa h\u1ecdc v\u00e0 C\u00f4ng ngh\u1ec7 sinh h\u1ecdc, Tr\u01b0\u1eddng \u0110\u1ea1i h\u1ecdc Khoa h\u1ecdc T\u1ef1 nhi\u00ean, \u0110HQG TP.HCM, C\u00f4ng ty TNHH C\u00f4ng Ngh\u1ec7 Sinh H\u1ecdc HT (HTBiotec) v\u00e0 C\u00f4ng ty N\u1ea5m L\u00e0ng Sen tuy\u1ec3n sinh vi\u00ean l\u00e0m kh\u00f3a lu\u1eadn t\u1ed1t nghi\u1ec7p theo c\u00e1c th\u00f4ng tin sau: &#8212;&#8212;&#8212;&#8212;&#8212;&#8212;&#8212;&#8212;&#8212;&#8212;&#8212;&#8212;&#8212;&#8212;&#8212;&#8212;&#8212;&#8212;&#8212;&#8212;&#8212;&#8212;&#8212;&#8212;&#8212;&#8212;&#8212;&#8212;&#8212;&#8212;&#8212;&#8212;&#8212;&#8212;&#8212;&#8212;&#8212;&#8212;&#8211; TRUNG T\u00c2M KHOA H\u1eccC V\u00c0\u2026 <a class=\"wp-block-latest-posts__read-more\" href=\"https:\/\/cbbiotec.vn\/en\/tuyen-sv-thuc-hien-de-tai-khoa-luan-tot-nghiep-dot-thang-09-2024\/\" rel=\"noopener noreferrer\">Read more<span class=\"screen-reader-text\">: Tuy\u1ec3n SV th\u1ef1c hi\u1ec7n \u0110\u1ec1 t\u00e0i kh\u00f3a lu\u1eadn t\u1ed1t nghi\u1ec7p \u0111\u1ee3t th\u00e1ng 09 \/ 2024<\/span><\/a><\/div><\/li>\n<\/ul>\n\n\n<p><\/p>","protected":false},"excerpt":{"rendered":"<p>Trung t\u00e2m Khoa h\u1ecdc v\u00e0 C\u00f4ng ngh\u1ec7 Sinh h\u1ecdc (CBB) CBB l\u00e0 \u0111\u01a1n v\u1ecb nghi\u00ean c\u1ee9u \u1ee9ng d\u1ee5ng trong l\u0129nh v\u1ef1c sinh h\u1ecdc \u2013 c\u00f4ng ngh\u1ec7 sinh h\u1ecdc. Ch\u00fang t\u00f4i t\u1eadp trung v\u00e0o \u0111\u00e0o t\u1ea1o, [&hellip;]<\/p>","protected":false},"author":7,"featured_media":1919,"parent":0,"menu_order":0,"comment_status":"closed","ping_status":"closed","template":"","meta":{"footnotes":""},"class_list":["post-2123","page","type-page","status-publish","has-post-thumbnail","hentry"],"_links":{"self":[{"href":"https:\/\/cbbiotec.vn\/en\/wp-json\/wp\/v2\/pages\/2123","targetHints":{"allow":["GET"]}}],"collection":[{"href":"https:\/\/cbbiotec.vn\/en\/wp-json\/wp\/v2\/pages"}],"about":[{"href":"https:\/\/cbbiotec.vn\/en\/wp-json\/wp\/v2\/types\/page"}],"author":[{"embeddable":true,"href":"https:\/\/cbbiotec.vn\/en\/wp-json\/wp\/v2\/users\/7"}],"replies":[{"embeddable":true,"href":"https:\/\/cbbiotec.vn\/en\/wp-json\/wp\/v2\/comments?post=2123"}],"version-history":[{"count":17,"href":"https:\/\/cbbiotec.vn\/en\/wp-json\/wp\/v2\/pages\/2123\/revisions"}],"predecessor-version":[{"id":2240,"href":"https:\/\/cbbiotec.vn\/en\/wp-json\/wp\/v2\/pages\/2123\/revisions\/2240"}],"wp:featuredmedia":[{"embeddable":true,"href":"https:\/\/cbbiotec.vn\/en\/wp-json\/wp\/v2\/media\/1919"}],"wp:attachment":[{"href":"https:\/\/cbbiotec.vn\/en\/wp-json\/wp\/v2\/media?parent=2123"}],"curies":[{"name":"wp","href":"https:\/\/api.w.org\/{rel}","templated":true}]}}