{"id":1651,"date":"2022-04-26T08:49:47","date_gmt":"2022-04-26T01:49:47","guid":{"rendered":"https:\/\/beta.cbbiotec.vn\/?page_id=1651"},"modified":"2025-06-30T21:53:16","modified_gmt":"2025-06-30T14:53:16","slug":"natural-compounds-with-biological-activities","status":"publish","type":"page","link":"https:\/\/cbbiotec.vn\/en\/research\/natural-compounds-with-biological-activities\/","title":{"rendered":"Research Group on Natural Bioactive Compounds"},"content":{"rendered":"<p>The research group is led by Dr. Le Van Ngo. As society continues to develop and industrialization increases, the environment is facing growing levels of pollution, and people are subjected to high work-related stress that negatively impact human health.<\/p>\n\n\n\n<p>At the same time, as quality of life improves, people are becoming more conscious of their own well-being. As a result, consumers are increasingly interested in natural products that contain bioactive compounds such as antioxidants, anti-inflammatory agents, and anticancer substances.<\/p>","protected":false},"excerpt":{"rendered":"<p>Nh\u00f3m nghi\u00ean c\u1ee9u \u0111\u01b0\u1ee3c d\u1eabn d\u1eaft b\u1edfi TS. L\u00ea V\u0103n Ng\u00f4. Trong b\u1ed1i c\u1ea3nh x\u00e3 h\u1ed9i ng\u00e0y c\u00e0ng ph\u00e1t tri\u1ec3n v\u00e0 c\u00f4ng nghi\u1ec7p h\u00f3a gia t\u0103ng, m\u00f4i tr\u01b0\u1eddng s\u1ed1ng \u0111ang ch\u1ecbu nhi\u1ec1u t\u00e1c \u0111\u1ed9ng ti\u00eau [&hellip;]<\/p>","protected":false},"author":7,"featured_media":0,"parent":1371,"menu_order":0,"comment_status":"closed","ping_status":"closed","template":"","meta":{"footnotes":""},"class_list":["post-1651","page","type-page","status-publish","hentry"],"_links":{"self":[{"href":"https:\/\/cbbiotec.vn\/en\/wp-json\/wp\/v2\/pages\/1651","targetHints":{"allow":["GET"]}}],"collection":[{"href":"https:\/\/cbbiotec.vn\/en\/wp-json\/wp\/v2\/pages"}],"about":[{"href":"https:\/\/cbbiotec.vn\/en\/wp-json\/wp\/v2\/types\/page"}],"author":[{"embeddable":true,"href":"https:\/\/cbbiotec.vn\/en\/wp-json\/wp\/v2\/users\/7"}],"replies":[{"embeddable":true,"href":"https:\/\/cbbiotec.vn\/en\/wp-json\/wp\/v2\/comments?post=1651"}],"version-history":[{"count":7,"href":"https:\/\/cbbiotec.vn\/en\/wp-json\/wp\/v2\/pages\/1651\/revisions"}],"predecessor-version":[{"id":2308,"href":"https:\/\/cbbiotec.vn\/en\/wp-json\/wp\/v2\/pages\/1651\/revisions\/2308"}],"up":[{"embeddable":true,"href":"https:\/\/cbbiotec.vn\/en\/wp-json\/wp\/v2\/pages\/1371"}],"wp:attachment":[{"href":"https:\/\/cbbiotec.vn\/en\/wp-json\/wp\/v2\/media?parent=1651"}],"curies":[{"name":"wp","href":"https:\/\/api.w.org\/{rel}","templated":true}]}}