{"id":1588,"date":"2022-04-21T10:50:02","date_gmt":"2022-04-21T03:50:02","guid":{"rendered":"https:\/\/beta.cbbiotec.vn\/?page_id=1588"},"modified":"2025-06-30T21:53:16","modified_gmt":"2025-06-30T14:53:16","slug":"courses-services","status":"publish","type":"page","link":"https:\/\/cbbiotec.vn\/en\/courses-services\/","title":{"rendered":"Courses &#038; services"},"content":{"rendered":"<p>Courses offered by the Center for Bioscience and Biotechnology<\/p>\n\n\n\n<div class=\"wp-block-group\"><div class=\"wp-block-group__inner-container is-layout-flow wp-block-group-is-layout-flow\">\n<div class=\"wp-block-columns is-layout-flex wp-container-core-columns-is-layout-9d6595d7 wp-block-columns-is-layout-flex\">\n<div class=\"wp-block-column is-layout-flow wp-block-column-is-layout-flow\" style=\"flex-basis:100%\">\n<figure class=\"wp-block-table is-style-stripes has-small-font-size\"><table class=\"has-fixed-layout\"><thead><tr><th class=\"has-text-align-left\" data-align=\"left\">NAME<\/th><th class=\"has-text-align-left\" data-align=\"left\">CODE<\/th><th class=\"has-text-align-left\" data-align=\"left\">PRICE<\/th><\/tr><\/thead><tbody><tr><td class=\"has-text-align-left\" data-align=\"left\"><a href=\"https:\/\/beta.cbbiotec.vn\/course\/ky-thuat-bieu-hien-va-tinh-che-protein\">K\u1ef9 thu\u1eadt bi\u1ec3u hi\u1ec7n v\u00e0 tinh ch\u1ebf protein<\/a><\/td><td class=\"has-text-align-left\" data-align=\"left\"><\/td><td class=\"has-text-align-left\" data-align=\"left\"><\/td><\/tr><tr><td class=\"has-text-align-left\" data-align=\"left\"><a href=\"https:\/\/beta.cbbiotec.vn\/course\/ky-thuat-kiem-nghiem-vi-sinh-trong-thuc-pham-duoc-pham-va-nuoc\">K\u1ef9 thu\u1eadt ki\u1ec3m nghi\u1ec7m vi sinh trong th\u1ef1c ph\u1ea9m, d\u01b0\u1ee3c ph\u1ea9m v\u00e0 n\u01b0\u1edbc<\/a><\/td><td class=\"has-text-align-left\" data-align=\"left\"><\/td><td class=\"has-text-align-left\" data-align=\"left\"><\/td><\/tr><tr><td class=\"has-text-align-left\" data-align=\"left\"><a rel=\"noreferrer noopener\" href=\"https:\/\/beta.cbbiotec.vn\/course\/ky-thuat-bieu-hien-va-tinh-che-protein\" target=\"_blank\"><\/a><a href=\"https:\/\/beta.cbbiotec.vn\/course\/ky-thuat-kiem-soat-chat-luong-moi-truong-hoa-chat-trong-phan-tich-vi-sinh\">K\u1ef9 thu\u1eadt ki\u1ec3m so\u00e1t ch\u1ea5t l\u01b0\u1ee3ng m\u00f4i tr\u01b0\u1eddng, h\u00f3a ch\u1ea5t trong ph\u00e2n t\u00edch vi sinh<\/a><\/td><td class=\"has-text-align-left\" data-align=\"left\"><\/td><td class=\"has-text-align-left\" data-align=\"left\"><\/td><\/tr><tr><td class=\"has-text-align-left\" data-align=\"left\"><a href=\"https:\/\/beta.cbbiotec.vn\/course\/ky-thuat-lai-phan-tu-western-blot-northern-blot-southern-blot\">K\u1ef9 thu\u1eadt lai ph\u00e2n t\u1eed: Western blot, Northern blot, Southern blot<\/a><\/td><td class=\"has-text-align-left\" data-align=\"left\"><\/td><td class=\"has-text-align-left\" data-align=\"left\"><\/td><\/tr><tr><td class=\"has-text-align-left\" data-align=\"left\"><a href=\"https:\/\/beta.cbbiotec.vn\/course\/ky-thuat-lay-mau-va-phan-tich-mau-vi-sinh-cong-nghiep\">K\u1ef9 thu\u1eadt l\u1ea5y m\u1eabu v\u00e0 ph\u00e2n t\u00edch m\u1eabu vi sinh c\u00f4ng nghi\u1ec7p<\/a><\/td><td class=\"has-text-align-left\" data-align=\"left\"><\/td><td class=\"has-text-align-left\" data-align=\"left\"><\/td><\/tr><tr><td class=\"has-text-align-left\" data-align=\"left\"><a href=\"https:\/\/beta.cbbiotec.vn\/course\/ky-thuat-len-men-ruou\">K\u1ef9 thu\u1eadt l\u00ean men r\u01b0\u1ee3u<\/a><\/td><td class=\"has-text-align-left\" data-align=\"left\"><\/td><td class=\"has-text-align-left\" data-align=\"left\"><\/td><\/tr><tr><td class=\"has-text-align-left\" data-align=\"left\"><a href=\"https:\/\/beta.cbbiotec.vn\/course\/ky-thuat-nuoi-cay-mo-thuc-vat\">K\u1ef9 thu\u1eadt nu\u00f4i c\u1ea5y m\u00f4 th\u1ef1c v\u1eadt<\/a><\/td><td class=\"has-text-align-left\" data-align=\"left\"><\/td><td class=\"has-text-align-left\" data-align=\"left\"><\/td><\/tr><tr><td class=\"has-text-align-left\" data-align=\"left\"><a href=\"https:\/\/beta.cbbiotec.vn\/course\/ky-thuat-pcr-polymerase-chain-reaction\">K\u1ef9 thu\u1eadt PCR (Polymerase Chain Reaction)<\/a><\/td><td class=\"has-text-align-left\" data-align=\"left\"><\/td><td class=\"has-text-align-left\" data-align=\"left\"><\/td><\/tr><tr><td class=\"has-text-align-left\" data-align=\"left\"><a href=\"https:\/\/beta.cbbiotec.vn\/course\/ky-thuat-phage-display\">K\u1ef9 thu\u1eadt phage display<\/a><\/td><td class=\"has-text-align-left\" data-align=\"left\"><\/td><td class=\"has-text-align-left\" data-align=\"left\"><\/td><\/tr><tr><td class=\"has-text-align-left\" data-align=\"left\"><a href=\"https:\/\/beta.cbbiotec.vn\/course\/ky-thuat-ribosome-display\">K\u1ef9 thu\u1eadt ribosome display<\/a><\/td><td class=\"has-text-align-left\" data-align=\"left\"><\/td><td class=\"has-text-align-left\" data-align=\"left\"><\/td><\/tr><tr><td class=\"has-text-align-left\" data-align=\"left\"><a href=\"https:\/\/beta.cbbiotec.vn\/course\/ky-thuat-tao-dong-cloning\">K\u1ef9 thu\u1eadt t\u1ea1o d\u00f2ng (Cloning)<\/a><\/td><td class=\"has-text-align-left\" data-align=\"left\"><\/td><td class=\"has-text-align-left\" data-align=\"left\"><\/td><\/tr><tr><td class=\"has-text-align-left\" data-align=\"left\"><a href=\"https:\/\/beta.cbbiotec.vn\/course\/ky-thuat-thao-tac-co-ban-ve-vi-sinh-sinh-hoc-phan-tu\">K\u1ef9 thu\u1eadt thao t\u00e1c c\u01a1 b\u1ea3n v\u1ec1 Vi sinh \u2013 Sinh h\u1ecdc ph\u00e2n t\u1eed<\/a><\/td><td class=\"has-text-align-left\" data-align=\"left\"><\/td><td class=\"has-text-align-left\" data-align=\"left\"><\/td><\/tr><tr><td class=\"has-text-align-left\" data-align=\"left\"><a href=\"https:\/\/beta.cbbiotec.vn\/course\/ky-thuat-dinh-danh-sinh-hoc-phan-tu\">K\u1ef9 thu\u1eadt \u0111\u1ecbnh danh sinh h\u1ecdc ph\u00e2n t\u1eed<\/a><\/td><td class=\"has-text-align-left\" data-align=\"left\"><\/td><td class=\"has-text-align-left\" data-align=\"left\"><\/td><\/tr><tr><td class=\"has-text-align-left\" data-align=\"left\"><a href=\"https:\/\/beta.cbbiotec.vn\/course\/thu-thap-phan-tich-va-quan-ly-du-lieu-bang-cac-phan-mem-tin-sinh-hoc\">Thu th\u1eadp, ph\u00e2n t\u00edch v\u00e0 qu\u1ea3n l\u00fd d\u1eef li\u1ec7u b\u1eb1ng c\u00e1c ph\u1ea7n m\u1ec1m Tin sinh h\u1ecdc<\/a><\/td><td class=\"has-text-align-left\" data-align=\"left\"><\/td><td class=\"has-text-align-left\" data-align=\"left\"><\/td><\/tr><tr><td class=\"has-text-align-left\" data-align=\"left\"><a href=\"https:\/\/beta.cbbiotec.vn\/course\/dao-tao-cac-noi-dung-cua-iso-17025\">\u0110\u00e0o t\u1ea1o c\u00e1c n\u1ed9i dung c\u1ee7a ISO 17025<\/a><\/td><td class=\"has-text-align-left\" data-align=\"left\"><\/td><td class=\"has-text-align-left\" data-align=\"left\"><\/td><\/tr><tr><td class=\"has-text-align-left\" data-align=\"left\"><a href=\"https:\/\/beta.cbbiotec.vn\/course\/dao-tao-cac-noi-dung-xay-dung-dang-ky-phong-thi-nghiem-an-toan-sinh-hoc-theo-quy-dinh-thong-tu-20-cua-bo-khoa-hoc-va-cong-nghe\">\u0110\u00e0o t\u1ea1o c\u00e1c n\u1ed9i dung x\u00e2y d\u1ef1ng, \u0111\u0103ng k\u00fd ph\u00f2ng th\u00ed nghi\u1ec7m an to\u00e0n sinh h\u1ecdc theo quy \u0111\u1ecbnh th\u00f4ng t\u01b0 20 c\u1ee7a b\u1ed9 Khoa h\u1ecdc v\u00e0 C\u00f4ng ngh\u1ec7<\/a><\/td><td class=\"has-text-align-left\" data-align=\"left\"><\/td><td class=\"has-text-align-left\" data-align=\"left\"><\/td><\/tr><\/tbody><\/table><\/figure>\n<figure class=\"wp-block-table is-style-stripes has-small-font-size\"><table class=\"has-fixed-layout\"><thead><tr><th class=\"has-text-align-left\" data-align=\"left\">NAME<\/th><th class=\"has-text-align-left\" data-align=\"left\">CODE<\/th><th class=\"has-text-align-left\" data-align=\"left\">PRICE<\/th><\/tr><\/thead><tbody><tr><td class=\"has-text-align-left\" data-align=\"left\"><a href=\"https:\/\/beta.cbbiotec.vn\/course\/bao-quan-chung-giong-vi-sinh-vat\">B\u1ea3o qu\u1ea3n ch\u1ee7ng gi\u1ed1ng vi sinh v\u1eadt<\/a><\/td><td class=\"has-text-align-left\" data-align=\"left\"><\/td><td class=\"has-text-align-left\" data-align=\"left\"><\/td><\/tr><tr><td class=\"has-text-align-left\" data-align=\"left\"><a href=\"https:\/\/beta.cbbiotec.vn\/course\/bieu-hien-protein-tai-to-hop\">Bi\u1ec3u hi\u1ec7n protein t\u00e1i t\u1ed5 h\u1ee3p<\/a><\/td><td class=\"has-text-align-left\" data-align=\"left\"><\/td><td class=\"has-text-align-left\" data-align=\"left\"><\/td><\/tr><tr><td class=\"has-text-align-left\" data-align=\"left\"><a href=\"https:\/\/beta.cbbiotec.vn\/course\/cac-thi-nghiem-khac-theo-yeu-cau-va-thoa-thuan\">C\u00e1c th\u00ed nghi\u1ec7m kh\u00e1c theo y\u00eau c\u1ea7u v\u00e0 th\u1ecfa thu\u1eadn<\/a><\/td><td class=\"has-text-align-left\" data-align=\"left\"><\/td><td class=\"has-text-align-left\" data-align=\"left\"><\/td><\/tr><tr><td class=\"has-text-align-left\" data-align=\"left\"><a href=\"https:\/\/beta.cbbiotec.vn\/course\/kiem-tra-va-phan-tich-protein\">Ki\u1ec3m tra v\u00e0 ph\u00e2n t\u00edch protein<\/a><\/td><td class=\"has-text-align-left\" data-align=\"left\"><\/td><td class=\"has-text-align-left\" data-align=\"left\"><\/td><\/tr><tr><td class=\"has-text-align-left\" data-align=\"left\"><a href=\"https:\/\/beta.cbbiotec.vn\/course\/len-men-nham-thu-nhan-sinh-khoi-vi-sinh-vat\">L\u00ean men nh\u1eb1m thu nh\u1eadn sinh kh\u1ed1i vi sinh v\u1eadt<\/a><\/td><td class=\"has-text-align-left\" data-align=\"left\"><\/td><td class=\"has-text-align-left\" data-align=\"left\"><\/td><\/tr><tr><td class=\"has-text-align-left\" data-align=\"left\"><a href=\"https:\/\/beta.cbbiotec.vn\/course\/phan-tich-cac-chi-tieu-vi-sinh-vat-gay-benh-trong-nuoc-va-thuc-pham-phat-hien-va-dinh-luong\">Ph\u00e2n t\u00edch c\u00e1c ch\u1ec9 ti\u00eau vi sinh v\u1eadt g\u00e2y b\u1ec7nh trong n\u01b0\u1edbc v\u00e0 th\u1ef1c ph\u1ea9m (ph\u00e1t hi\u1ec7n v\u00e0 \u0111\u1ecbnh l\u01b0\u1ee3ng)<\/a><\/td><td class=\"has-text-align-left\" data-align=\"left\"><\/td><td class=\"has-text-align-left\" data-align=\"left\"><\/td><\/tr><tr><td class=\"has-text-align-left\" data-align=\"left\"><a href=\"https:\/\/beta.cbbiotec.vn\/course\/sang-loc-thuoc-khang-the-bang-ky-thuat-phage-display-va-ribosome-display\">S\u00e0ng l\u1ecdc thu\u1ed1c, kh\u00e1ng th\u1ec3 b\u1eb1ng k\u1ef9 thu\u1eadt Phage display v\u00e0 Ribosome display<\/a><\/td><td class=\"has-text-align-left\" data-align=\"left\"><\/td><td class=\"has-text-align-left\" data-align=\"left\"><\/td><\/tr><tr><td class=\"has-text-align-left\" data-align=\"left\"><a href=\"https:\/\/beta.cbbiotec.vn\/course\/tao-khang-the-da-dong-tren-chuot-va-tho\">T\u1ea1o kh\u00e1ng th\u1ec3 \u0111a d\u00f2ng tr\u00ean chu\u1ed9t v\u00e0 th\u1ecf<\/a><\/td><td class=\"has-text-align-left\" data-align=\"left\"><\/td><td class=\"has-text-align-left\" data-align=\"left\"><\/td><\/tr><tr><td class=\"has-text-align-left\" data-align=\"left\"><a href=\"https:\/\/beta.cbbiotec.vn\/course\/tao-vector-tai-to-hop\">T\u1ea1o vector t\u00e1i t\u1ed5 h\u1ee3p<\/a><\/td><td class=\"has-text-align-left\" data-align=\"left\"><\/td><td class=\"has-text-align-left\" data-align=\"left\"><\/td><\/tr><tr><td class=\"has-text-align-left\" data-align=\"left\"><a href=\"https:\/\/beta.cbbiotec.vn\/course\/thiet-ke-primer-va-giai-trinh-tu\">Thi\u1ebft k\u1ebf primer v\u00e0 gi\u1ea3i tr\u00ecnh t\u1ef1<\/a><\/td><td class=\"has-text-align-left\" data-align=\"left\"><\/td><td class=\"has-text-align-left\" data-align=\"left\"><\/td><\/tr><tr><td class=\"has-text-align-left\" data-align=\"left\"><a href=\"https:\/\/beta.cbbiotec.vn\/course\/tinh-che-protein-tai-to-hop\">Tinh ch\u1ebf protein t\u00e1i t\u1ed5 h\u1ee3p<\/a><\/td><td class=\"has-text-align-left\" data-align=\"left\"><\/td><td class=\"has-text-align-left\" data-align=\"left\"><\/td><\/tr><tr><td class=\"has-text-align-left\" data-align=\"left\"><a href=\"https:\/\/beta.cbbiotec.vn\/course\/tong-hop-phat-hien-phan-tich-dna\">T\u1ed5ng h\u1ee3p, ph\u00e1t hi\u1ec7n, ph\u00e2n t\u00edch DNA<\/a><\/td><td class=\"has-text-align-left\" data-align=\"left\"><\/td><td class=\"has-text-align-left\" data-align=\"left\"><\/td><\/tr><tr><td class=\"has-text-align-left\" data-align=\"left\"><a href=\"https:\/\/beta.cbbiotec.vn\/course\/tu-van-cac-dich-vu\">T\u01b0 v\u1ea5n c\u00e1c d\u1ecbch v\u1ee5<\/a><\/td><td class=\"has-text-align-left\" data-align=\"left\"><\/td><td class=\"has-text-align-left\" data-align=\"left\"><\/td><\/tr><tr><td class=\"has-text-align-left\" data-align=\"left\"><a href=\"https:\/\/beta.cbbiotec.vn\/course\/xay-dung-cac-bo-kit-phat-hien-va-dinh-luong-bang-ky-thuat-di-truyen\">X\u00e2y d\u1ef1ng c\u00e1c b\u1ed9 kit ph\u00e1t hi\u1ec7n v\u00e0 \u0111\u1ecbnh l\u01b0\u1ee3ng b\u1eb1ng k\u1ef9 thu\u1eadt di truy\u1ec1n<\/a><\/td><td class=\"has-text-align-left\" data-align=\"left\"><\/td><td class=\"has-text-align-left\" data-align=\"left\"><\/td><\/tr><tr><td class=\"has-text-align-left\" data-align=\"left\"><a href=\"https:\/\/beta.cbbiotec.vn\/course\/dinh-danh-sinh-vat-theo-phuong-phap-sinh-hoc-phan-tu-dua-tren-16s-rrna-ribosome-trinh-tu-its-hoac-theo-yeu-cau\">\u0110\u1ecbnh danh sinh v\u1eadt theo ph\u01b0\u01a1ng ph\u00e1p sinh h\u1ecdc ph\u00e2n t\u1eed d\u1ef1a tr\u00ean 16S rRNA ribosome, tr\u00ecnh t\u1ef1 ITS ho\u1eb7c theo y\u00eau c\u1ea7u<\/a><\/td><td class=\"has-text-align-left\" data-align=\"left\"><\/td><td class=\"has-text-align-left\" data-align=\"left\"><\/td><\/tr><tr><td class=\"has-text-align-left\" data-align=\"left\"><a href=\"https:\/\/beta.cbbiotec.vn\/course\/dinh-danh-vi-sinh-vat-theo-phuong-phap-nuoi-cay-truyen-thong\">\u0110\u1ecbnh danh vi sinh v\u1eadt theo ph\u01b0\u01a1ng ph\u00e1p nu\u00f4i c\u1ea5y truy\u1ec1n th\u1ed1ng<\/a><\/td><td class=\"has-text-align-left\" data-align=\"left\"><\/td><td class=\"has-text-align-left\" data-align=\"left\"><\/td><\/tr><tr><td class=\"has-text-align-left\" data-align=\"left\"><a href=\"https:\/\/beta.cbbiotec.vn\/course\/dinh-luong-vi-sinh-vat\">\u0110\u1ecbnh l\u01b0\u1ee3ng vi sinh v\u1eadt<\/a><\/td><td class=\"has-text-align-left\" data-align=\"left\"><\/td><td class=\"has-text-align-left\" data-align=\"left\"><\/td><\/tr><\/tbody><\/table><\/figure>\n<figure class=\"wp-block-table is-style-stripes has-small-font-size\"><table class=\"has-fixed-layout\"><thead><tr><th class=\"has-text-align-left\" data-align=\"left\">NAME<\/th><th class=\"has-text-align-left\" data-align=\"left\">CODE<\/th><th class=\"has-text-align-left\" data-align=\"left\">PRICE<\/th><\/tr><\/thead><tbody><tr><td class=\"has-text-align-left\" data-align=\"left\"><a href=\"https:\/\/beta.cbbiotec.vn\/course\/alpha-toxin-h35l-h48l\">Alpha toxin H35L H48L<\/a><\/td><td class=\"has-text-align-left\" data-align=\"left\">1S<\/td><td class=\"has-text-align-left\" data-align=\"left\">Please contact<\/td><\/tr><tr><td class=\"has-text-align-left\" data-align=\"left\"><a href=\"https:\/\/beta.cbbiotec.vn\/course\/alpha-toxin-h35l-h48l-2\">Alpha toxin H35L H48L<\/a><\/td><td class=\"has-text-align-left\" data-align=\"left\">7S<\/td><td class=\"has-text-align-left\" data-align=\"left\">Please contact<\/td><\/tr><tr><td class=\"has-text-align-left\" data-align=\"left\"><a href=\"https:\/\/beta.cbbiotec.vn\/course\/alpha-toxin-h35l-h48l-3\">Alpha toxin H35L H48L<\/a><\/td><td class=\"has-text-align-left\" data-align=\"left\">11B<\/td><td class=\"has-text-align-left\" data-align=\"left\">Please contact<\/td><\/tr><tr><td class=\"has-text-align-left\" data-align=\"left\"><a href=\"https:\/\/beta.cbbiotec.vn\/course\/clfa\">ClfA<\/a><\/td><td class=\"has-text-align-left\" data-align=\"left\">8S<\/td><td class=\"has-text-align-left\" data-align=\"left\">Please contact<\/td><\/tr><tr><td class=\"has-text-align-left\" data-align=\"left\"><a href=\"https:\/\/beta.cbbiotec.vn\/course\/clfa-2\">ClfA<\/a><\/td><td class=\"has-text-align-left\" data-align=\"left\">14B<\/td><td class=\"has-text-align-left\" data-align=\"left\">Please contact<\/td><\/tr><tr><td class=\"has-text-align-left\" data-align=\"left\"><a href=\"https:\/\/beta.cbbiotec.vn\/course\/gfp\">GFP<\/a><\/td><td class=\"has-text-align-left\" data-align=\"left\">113S<\/td><td class=\"has-text-align-left\" data-align=\"left\">Please contact<\/td><\/tr><tr><td class=\"has-text-align-left\" data-align=\"left\"><a href=\"https:\/\/beta.cbbiotec.vn\/course\/hlye\">HlyE<\/a><\/td><td class=\"has-text-align-left\" data-align=\"left\">11S<\/td><td class=\"has-text-align-left\" data-align=\"left\">Please contact<\/td><\/tr><tr><td class=\"has-text-align-left\" data-align=\"left\"><a href=\"https:\/\/beta.cbbiotec.vn\/course\/hlye-2\">HlyE<\/a><\/td><td class=\"has-text-align-left\" data-align=\"left\">12S<\/td><td class=\"has-text-align-left\" data-align=\"left\">Please contact<\/td><\/tr><tr><td class=\"has-text-align-left\" data-align=\"left\"><a href=\"https:\/\/beta.cbbiotec.vn\/course\/hrv3c\">HRV3C<\/a><\/td><td class=\"has-text-align-left\" data-align=\"left\">14S<\/td><td class=\"has-text-align-left\" data-align=\"left\">Please contact<\/td><\/tr><tr><td class=\"has-text-align-left\" data-align=\"left\"><a href=\"https:\/\/beta.cbbiotec.vn\/course\/inla\">InlA<\/a><\/td><td class=\"has-text-align-left\" data-align=\"left\">15S<\/td><td class=\"has-text-align-left\" data-align=\"left\">Please contact<\/td><\/tr><tr><td class=\"has-text-align-left\" data-align=\"left\"><a href=\"https:\/\/beta.cbbiotec.vn\/course\/isda\">IsdA<\/a><\/td><td class=\"has-text-align-left\" data-align=\"left\">16S<\/td><td class=\"has-text-align-left\" data-align=\"left\">Please contact<\/td><\/tr><tr><td class=\"has-text-align-left\" data-align=\"left\"><a href=\"https:\/\/beta.cbbiotec.vn\/course\/isdb\">IsdB<\/a><\/td><td class=\"has-text-align-left\" data-align=\"left\">23S<\/td><td class=\"has-text-align-left\" data-align=\"left\">Please contact<\/td><\/tr><tr><td class=\"has-text-align-left\" data-align=\"left\"><a href=\"https:\/\/beta.cbbiotec.vn\/course\/isdb-clfa\">IsdB-ClfA<\/a><\/td><td class=\"has-text-align-left\" data-align=\"left\">18S<\/td><td class=\"has-text-align-left\" data-align=\"left\">Please contact<\/td><\/tr><tr><td class=\"has-text-align-left\" data-align=\"left\"><a href=\"https:\/\/beta.cbbiotec.vn\/course\/llo\">LLO<\/a><\/td><td class=\"has-text-align-left\" data-align=\"left\">22S<\/td><td class=\"has-text-align-left\" data-align=\"left\">Please contact<\/td><\/tr><tr><td class=\"has-text-align-left\" data-align=\"left\"><a href=\"https:\/\/beta.cbbiotec.vn\/course\/lukf\">LukF<\/a><\/td><td class=\"has-text-align-left\" data-align=\"left\">9S<\/td><td class=\"has-text-align-left\" data-align=\"left\">Please contact<\/td><\/tr><tr><td class=\"has-text-align-left\" data-align=\"left\"><a href=\"https:\/\/beta.cbbiotec.vn\/course\/lukf-2\">LukF<\/a><\/td><td class=\"has-text-align-left\" data-align=\"left\">12B<\/td><td class=\"has-text-align-left\" data-align=\"left\">Please contact<\/td><\/tr><tr><td class=\"has-text-align-left\" data-align=\"left\"><a href=\"https:\/\/beta.cbbiotec.vn\/course\/luks\">LukS<\/a><\/td><td class=\"has-text-align-left\" data-align=\"left\">10S<\/td><td class=\"has-text-align-left\" data-align=\"left\">Please contact<\/td><\/tr><tr><td class=\"has-text-align-left\" data-align=\"left\"><a href=\"https:\/\/beta.cbbiotec.vn\/course\/luks-2\">LukS<\/a><\/td><td class=\"has-text-align-left\" data-align=\"left\">13B<\/td><td class=\"has-text-align-left\" data-align=\"left\">Please contact<\/td><\/tr><tr><td class=\"has-text-align-left\" data-align=\"left\"><a href=\"https:\/\/beta.cbbiotec.vn\/course\/lyssn-histag-r3c-site-gfp\">LysSN-Histag- R3C-site-GFP<\/a><\/td><td class=\"has-text-align-left\" data-align=\"left\">112S<\/td><td class=\"has-text-align-left\" data-align=\"left\">Please contact<\/td><\/tr><tr><td class=\"has-text-align-left\" data-align=\"left\"><a href=\"https:\/\/beta.cbbiotec.vn\/course\/mntc\">MntC<\/a><\/td><td class=\"has-text-align-left\" data-align=\"left\">17S<\/td><td class=\"has-text-align-left\" data-align=\"left\">Please contact<\/td><\/tr><tr><td class=\"has-text-align-left\" data-align=\"left\"><a href=\"https:\/\/beta.cbbiotec.vn\/course\/sdrd\">SdrD<\/a><\/td><td class=\"has-text-align-left\" data-align=\"left\">20S<\/td><td class=\"has-text-align-left\" data-align=\"left\">Please contact<\/td><\/tr><tr><td class=\"has-text-align-left\" data-align=\"left\"><a href=\"https:\/\/beta.cbbiotec.vn\/course\/slo\">SLO<\/a><\/td><td class=\"has-text-align-left\" data-align=\"left\">21S<\/td><td class=\"has-text-align-left\" data-align=\"left\">Please contact<\/td><\/tr><tr><td class=\"has-text-align-left\" data-align=\"left\"><a href=\"https:\/\/beta.cbbiotec.vn\/course\/tev\">TEV<\/a><\/td><td class=\"has-text-align-left\" data-align=\"left\">13S<\/td><td class=\"has-text-align-left\" data-align=\"left\">Please contact<\/td><\/tr><\/tbody><\/table><\/figure>\n<\/div>\n<\/div>\n<\/div><\/div>","protected":false},"excerpt":{"rendered":"<p>Courses offered by the Center for Bioscience and Biotechnology NAME CODE PRICE K\u1ef9 thu\u1eadt bi\u1ec3u hi\u1ec7n v\u00e0 tinh ch\u1ebf protein K\u1ef9 thu\u1eadt ki\u1ec3m nghi\u1ec7m vi sinh trong th\u1ef1c ph\u1ea9m, d\u01b0\u1ee3c ph\u1ea9m v\u00e0 n\u01b0\u1edbc K\u1ef9 thu\u1eadt [&hellip;]<\/p>","protected":false},"author":7,"featured_media":0,"parent":0,"menu_order":0,"comment_status":"closed","ping_status":"closed","template":"page-templates\/fullwidth.php","meta":{"footnotes":""},"class_list":["post-1588","page","type-page","status-publish","hentry"],"_links":{"self":[{"href":"https:\/\/cbbiotec.vn\/en\/wp-json\/wp\/v2\/pages\/1588","targetHints":{"allow":["GET"]}}],"collection":[{"href":"https:\/\/cbbiotec.vn\/en\/wp-json\/wp\/v2\/pages"}],"about":[{"href":"https:\/\/cbbiotec.vn\/en\/wp-json\/wp\/v2\/types\/page"}],"author":[{"embeddable":true,"href":"https:\/\/cbbiotec.vn\/en\/wp-json\/wp\/v2\/users\/7"}],"replies":[{"embeddable":true,"href":"https:\/\/cbbiotec.vn\/en\/wp-json\/wp\/v2\/comments?post=1588"}],"version-history":[{"count":8,"href":"https:\/\/cbbiotec.vn\/en\/wp-json\/wp\/v2\/pages\/1588\/revisions"}],"predecessor-version":[{"id":2177,"href":"https:\/\/cbbiotec.vn\/en\/wp-json\/wp\/v2\/pages\/1588\/revisions\/2177"}],"wp:attachment":[{"href":"https:\/\/cbbiotec.vn\/en\/wp-json\/wp\/v2\/media?parent=1588"}],"curies":[{"name":"wp","href":"https:\/\/api.w.org\/{rel}","templated":true}]}}